{"id":3,"date":"2024-09-23T09:51:25","date_gmt":"2024-09-23T09:51:25","guid":{"rendered":"https:\/\/www.aquarelleservicesadomicile.fr\/?page_id=3"},"modified":"2024-10-17T09:25:47","modified_gmt":"2024-10-17T09:25:47","slug":"privacy-policy","status":"publish","type":"page","link":"https:\/\/www.aquarelleservicesadomicile.fr\/?page_id=3","title":{"rendered":"Politique de confidentialit\u00e9"},"content":{"rendered":"\t\t<div data-elementor-type=\"wp-page\" data-elementor-id=\"3\" class=\"elementor elementor-3\" data-elementor-post-type=\"page\">\n\t\t\t\t<div class=\"elementor-element elementor-element-d1d3301 e-flex e-con-boxed e-con e-parent\" data-id=\"d1d3301\" data-element_type=\"container\">\n\t\t\t\t\t<div class=\"e-con-inner\">\n\t\t\t\t<div class=\"elementor-element elementor-element-bef5fb5 elementor-widget elementor-widget-heading\" data-id=\"bef5fb5\" data-element_type=\"widget\" data-widget_type=\"heading.default\">\n\t\t\t\t<div class=\"elementor-widget-container\">\n\t\t\t<h2 class=\"elementor-heading-title elementor-size-default\">Politique de confidentialit\u00e9\n<\/h2>\t\t<\/div>\n\t\t\t\t<\/div>\n\t\t\t\t\t<\/div>\n\t\t\t\t<\/div>\n\t\t<div class=\"elementor-element elementor-element-0537b66 e-flex e-con-boxed e-con e-parent\" data-id=\"0537b66\" data-element_type=\"container\">\n\t\t\t\t\t<div class=\"e-con-inner\">\n\t\t\t\t<div class=\"elementor-element elementor-element-03ddf18 elementor-widget elementor-widget-text-editor\" data-id=\"03ddf18\" data-element_type=\"widget\" data-widget_type=\"text-editor.default\">\n\t\t\t\t<div class=\"elementor-widget-container\">\n\t\t\t\t\t\t\t<p>Nous attachons une grande importance \u00e0 la protection de vos donn\u00e9es personnelles et \u00e0 la transparence quant \u00e0 leur utilisation. Cette politique vise \u00e0 vous informer sur la mani\u00e8re dont nous collectons, utilisons et prot\u00e9geons vos donn\u00e9es.<\/p>\n<h3><strong>Donn\u00e9es collect\u00e9es<\/strong><\/h3>\n<p>Les informations que nous recueillons sur notre site concernent les formulaires de contact et de demande d&#8217;information. Elles incluent notamment :<\/p>\n<p>Nom, pr\u00e9nom<br>Adresse e-mail<br>Num\u00e9ro de t\u00e9l\u00e9phone<br>Toute autre information que vous nous fournissez via les formulaires de contact.<br>Finalit\u00e9 des traitements<br>Les donn\u00e9es collect\u00e9es sont utilis\u00e9es pour r\u00e9pondre \u00e0 vos demandes d&#8217;information et, si vous y avez consenti, \u00e0 des fins de prospection commerciale. Vous pouvez \u00e0 tout moment refuser de recevoir des communications commerciales en nous contactant directement ou en cliquant sur le lien de d\u00e9sinscription pr\u00e9sent dans nos e-mails.<\/p>\n<p>Droits d&#8217;acc\u00e8s, de modification et de suppression<br>Conform\u00e9ment \u00e0 la loi Informatique et Libert\u00e9s du 6 janvier 1978 modifi\u00e9e et au R\u00e8glement G\u00e9n\u00e9ral sur la Protection des Donn\u00e9es (RGPD), vous disposez d&#8217;un droit d&#8217;acc\u00e8s, de modification, de rectification et de suppression de vos donn\u00e9es personnelles. Vous pouvez exercer ces droits en nous contactant par courrier \u00e0 l&#8217;adresse suivante :<br>Aquarelle<br>57 bis boulevard de Lorraine 95240 Cormeilles en Parisis<br>Ou par e-mail \u00e0 :&nbsp;<strong><a style=\"font-family: var( --e-global-typography-text-font-family ), Sans-serif; font-size: var( --e-global-typography-text-font-size ); font-weight: var( --e-global-typography-text-font-weight ); background-color: #ffffff;\" href=\"mailto:contact@aquarelleservicesadomicile.fr\" target=\"_blank\" rel=\"noopener\">contact@aquarelleservicesadomicile.fr<\/a><\/strong><\/p>\n<h3><strong>Cookies<\/strong><\/h3>\n<p>Notre site utilise des cookies pour am\u00e9liorer votre exp\u00e9rience de navigation et collecter des statistiques de visite. Vous pouvez g\u00e9rer vos pr\u00e9f\u00e9rences en mati\u00e8re de cookies directement via les param\u00e8tres de votre navigateur. Les types de cookies que nous utilisons incluent :<\/p>\n<p>Cookies n\u00e9cessaires au bon fonctionnement du site<br>Cookies de mesure d&#8217;audience (Google Analytics)<br>H\u00e9bergement des donn\u00e9es<br>Les donn\u00e9es personnelles recueillies sur notre site sont h\u00e9berg\u00e9es par O2switch, situ\u00e9 \u00e0 Chem. des Pardiaux, 63000 Clermont-Ferrand.<br><\/p>\n<p>S\u00e9curit\u00e9 des donn\u00e9es<br>Nous mettons en \u0153uvre toutes les mesures n\u00e9cessaires pour prot\u00e9ger vos donn\u00e9es contre l&#8217;acc\u00e8s non autoris\u00e9, la modification ou la divulgation.<\/p>\n<h3><strong>Responsabilit\u00e9<\/strong><\/h3>\n<p>Nous nous effor\u00e7ons d&#8217;assurer l&#8217;exactitude des informations pr\u00e9sentes sur notre site. Toutefois, nous ne pouvons \u00eatre tenus responsables d&#8217;\u00e9ventuelles erreurs ou omissions. De m\u00eame, nous ne pouvons \u00eatre tenus responsables des interruptions de service ou des probl\u00e8mes techniques rencontr\u00e9s sur le site.<\/p>\n<h3><strong>Propri\u00e9t\u00e9 intellectuelle<\/strong><\/h3>\n<p>Tous les \u00e9l\u00e9ments du site, y compris textes, logos, images et documents t\u00e9l\u00e9chargeables, sont prot\u00e9g\u00e9s par les lois relatives \u00e0 la propri\u00e9t\u00e9 intellectuelle et sont la propri\u00e9t\u00e9 exclusive de Aquarelle. Toute reproduction, repr\u00e9sentation ou diffusion sans autorisation pr\u00e9alable est interdite.<\/p>\n<h3><strong>Loi applicable et comp\u00e9tence<\/strong><\/h3>\n<p>Les pr\u00e9sentes mentions l\u00e9gales sont r\u00e9gies par la loi fran\u00e7aise. En cas de litige et \u00e0 d\u00e9faut d&#8217;accord amiable, les tribunaux fran\u00e7ais comp\u00e9tents seront seuls habilit\u00e9s&nbsp;\u00e0&nbsp;trancher.<\/p>\t\t\t\t\t\t<\/div>\n\t\t\t\t<\/div>\n\t\t\t\t\t<\/div>\n\t\t\t\t<\/div>\n\t\t\t\t<\/div>\n\t\t","protected":false},"excerpt":{"rendered":"<p>Politique de confidentialit\u00e9 Nous attachons une grande importance \u00e0 la protection de vos donn\u00e9es personnelles et \u00e0 la transparence quant \u00e0 leur utilisation. Cette politique vise \u00e0 vous informer sur la mani\u00e8re dont nous collectons, utilisons et prot\u00e9geons vos donn\u00e9es. Donn\u00e9es collect\u00e9es Les informations que nous recueillons sur notre site concernent les formulaires de contact [&hellip;]<\/p>\n","protected":false},"author":1,"featured_media":0,"parent":0,"menu_order":0,"comment_status":"closed","ping_status":"open","template":"elementor_header_footer","meta":{"footnotes":""},"class_list":["post-3","page","type-page","status-publish","hentry"],"_links":{"self":[{"href":"https:\/\/www.aquarelleservicesadomicile.fr\/index.php?rest_route=\/wp\/v2\/pages\/3","targetHints":{"allow":["GET"]}}],"collection":[{"href":"https:\/\/www.aquarelleservicesadomicile.fr\/index.php?rest_route=\/wp\/v2\/pages"}],"about":[{"href":"https:\/\/www.aquarelleservicesadomicile.fr\/index.php?rest_route=\/wp\/v2\/types\/page"}],"author":[{"embeddable":true,"href":"https:\/\/www.aquarelleservicesadomicile.fr\/index.php?rest_route=\/wp\/v2\/users\/1"}],"replies":[{"embeddable":true,"href":"https:\/\/www.aquarelleservicesadomicile.fr\/index.php?rest_route=%2Fwp%2Fv2%2Fcomments&post=3"}],"version-history":[{"count":19,"href":"https:\/\/www.aquarelleservicesadomicile.fr\/index.php?rest_route=\/wp\/v2\/pages\/3\/revisions"}],"predecessor-version":[{"id":564,"href":"https:\/\/www.aquarelleservicesadomicile.fr\/index.php?rest_route=\/wp\/v2\/pages\/3\/revisions\/564"}],"wp:attachment":[{"href":"https:\/\/www.aquarelleservicesadomicile.fr\/index.php?rest_route=%2Fwp%2Fv2%2Fmedia&parent=3"}],"curies":[{"name":"wp","href":"https:\/\/api.w.org\/{rel}","templated":true}]}}