{"id":540,"date":"2024-10-08T12:09:34","date_gmt":"2024-10-08T12:09:34","guid":{"rendered":"https:\/\/www.aquarelleservicesadomicile.fr\/?page_id=540"},"modified":"2024-10-08T12:13:19","modified_gmt":"2024-10-08T12:13:19","slug":"mentions-legales","status":"publish","type":"page","link":"https:\/\/www.aquarelleservicesadomicile.fr\/?page_id=540","title":{"rendered":"Mentions l\u00e9gales"},"content":{"rendered":"\t\t<div data-elementor-type=\"wp-page\" data-elementor-id=\"540\" class=\"elementor elementor-540\" data-elementor-post-type=\"page\">\n\t\t\t\t<div class=\"elementor-element elementor-element-6aaa977 e-flex e-con-boxed e-con e-parent\" data-id=\"6aaa977\" data-element_type=\"container\">\n\t\t\t\t\t<div class=\"e-con-inner\">\n\t\t\t\t<div class=\"elementor-element elementor-element-05ddd8b elementor-widget elementor-widget-heading\" data-id=\"05ddd8b\" data-element_type=\"widget\" data-widget_type=\"heading.default\">\n\t\t\t\t<div class=\"elementor-widget-container\">\n\t\t\t<h2 class=\"elementor-heading-title elementor-size-default\">Mentions l\u00e9gales\n<\/h2>\t\t<\/div>\n\t\t\t\t<\/div>\n\t\t\t\t\t<\/div>\n\t\t\t\t<\/div>\n\t\t<div class=\"elementor-element elementor-element-a621919 e-flex e-con-boxed e-con e-parent\" data-id=\"a621919\" data-element_type=\"container\">\n\t\t\t\t\t<div class=\"e-con-inner\">\n\t\t\t\t<div class=\"elementor-element elementor-element-b003ab9 elementor-widget elementor-widget-text-editor\" data-id=\"b003ab9\" data-element_type=\"widget\" data-widget_type=\"text-editor.default\">\n\t\t\t\t<div class=\"elementor-widget-container\">\n\t\t\t\t\t\t\t<p><strong>\u00c9diteur du site<\/strong><br>Nom de l&#8217;agence : \u00c9ph\u00e9m\u00e8re Agency<br>Adresse : Cour de l\u2019usine La mare, 97438 Sainte-Marie<br>Adresse e-mail : contact@ephemere-agency.com<br>Num\u00e9ro SIRET : 839 268 133 00031<\/p>\n<p><strong>Directeur de la publication<\/strong><br>Nom : Oph\u00e9lie JOLY<\/p>\n<p>Administrateur technique du site<br>Agence de d\u00e9veloppement web :&nbsp;<a href=\"https:\/\/www.ephemere-agency.com\/\" target=\"_blank\" style=\"font-family: var( --e-global-typography-text-font-family ), Sans-serif; font-size: var( --e-global-typography-text-font-size ); font-weight: var( --e-global-typography-text-font-weight ); background-color: rgb(255, 255, 255);\">\u00c9ph\u00e9m\u00e8re Agency<\/a><\/p>\n<p><strong>H\u00e9bergement du site<\/strong><br>Nom de l&#8217;h\u00e9bergeur : O2switch<br>Adresse : Chem. des Pardiaux, 63000 Clermont-Ferrand, France<\/p>\t\t\t\t\t\t<\/div>\n\t\t\t\t<\/div>\n\t\t\t\t\t<\/div>\n\t\t\t\t<\/div>\n\t\t\t\t<\/div>\n\t\t","protected":false},"excerpt":{"rendered":"<p>Mentions l\u00e9gales \u00c9diteur du siteNom de l&#8217;agence : \u00c9ph\u00e9m\u00e8re AgencyAdresse : Cour de l\u2019usine La mare, 97438 Sainte-MarieAdresse e-mail : contact@ephemere-agency.comNum\u00e9ro SIRET : 839 268 133 00031 Directeur de la publicationNom : Oph\u00e9lie JOLY Administrateur technique du siteAgence de d\u00e9veloppement web :&nbsp;\u00c9ph\u00e9m\u00e8re Agency H\u00e9bergement du siteNom de l&#8217;h\u00e9bergeur : O2switchAdresse : Chem. des Pardiaux, 63000 [&hellip;]<\/p>\n","protected":false},"author":1,"featured_media":0,"parent":0,"menu_order":0,"comment_status":"closed","ping_status":"closed","template":"elementor_header_footer","meta":{"footnotes":""},"class_list":["post-540","page","type-page","status-publish","hentry"],"_links":{"self":[{"href":"https:\/\/www.aquarelleservicesadomicile.fr\/index.php?rest_route=\/wp\/v2\/pages\/540","targetHints":{"allow":["GET"]}}],"collection":[{"href":"https:\/\/www.aquarelleservicesadomicile.fr\/index.php?rest_route=\/wp\/v2\/pages"}],"about":[{"href":"https:\/\/www.aquarelleservicesadomicile.fr\/index.php?rest_route=\/wp\/v2\/types\/page"}],"author":[{"embeddable":true,"href":"https:\/\/www.aquarelleservicesadomicile.fr\/index.php?rest_route=\/wp\/v2\/users\/1"}],"replies":[{"embeddable":true,"href":"https:\/\/www.aquarelleservicesadomicile.fr\/index.php?rest_route=%2Fwp%2Fv2%2Fcomments&post=540"}],"version-history":[{"count":4,"href":"https:\/\/www.aquarelleservicesadomicile.fr\/index.php?rest_route=\/wp\/v2\/pages\/540\/revisions"}],"predecessor-version":[{"id":548,"href":"https:\/\/www.aquarelleservicesadomicile.fr\/index.php?rest_route=\/wp\/v2\/pages\/540\/revisions\/548"}],"wp:attachment":[{"href":"https:\/\/www.aquarelleservicesadomicile.fr\/index.php?rest_route=%2Fwp%2Fv2%2Fmedia&parent=540"}],"curies":[{"name":"wp","href":"https:\/\/api.w.org\/{rel}","templated":true}]}}